{"id":425,"date":"2024-06-03T13:28:02","date_gmt":"2024-06-03T13:28:02","guid":{"rendered":"https:\/\/paramythique.com\/parasite_\/?post_type=product&#038;p=425"},"modified":"2025-03-17T15:27:48","modified_gmt":"2025-03-17T15:27:48","slug":"dermacare-creme-hydratante-legere","status":"publish","type":"product","link":"https:\/\/paramythique.com\/parasite_\/boutique\/visage-2\/dermacare-creme-hydratante-legere\/","title":{"rendered":"Dermacare cr\u00e8me hydratante l\u00e9g\u00e8re"},"content":{"rendered":"<p>la cr\u00e8me Dermacare procure une hydratation et une sensation de fra\u00eecheur et de vitalit\u00e9 \u00e0 la peau, la laissant douce, souple et revitalis\u00e9e et renforce la peau contre la pollution. elle sert de base parfaite pour l&rsquo;application du maquillage. La combinaison de l&rsquo;acide hyaluronique et le niacinamide donne de meilleur r\u00e9sultat pour avoir une peau saine, hydrat\u00e9e lisse et lumineuse.<\/p>\n","protected":false},"excerpt":{"rendered":"<p>la cr\u00e8me Dermacare procure une hydratation et une sensation de fra\u00eecheur et de vitalit\u00e9 \u00e0 la peau, la laissant douce, souple et revitalis\u00e9e et renforce la peau contre la pollution. elle sert de base parfaite pour l&rsquo;application du maquillage. La combinaison de l&rsquo;acide hyaluronique et le niacinamide donne de meilleur r\u00e9sultat pour avoir une peau [&hellip;]<\/p>\n","protected":false},"featured_media":450,"template":"","meta":{"ocean_post_layout":"","ocean_both_sidebars_style":"","ocean_both_sidebars_content_width":0,"ocean_both_sidebars_sidebars_width":0,"ocean_sidebar":"0","ocean_second_sidebar":"0","ocean_disable_margins":"enable","ocean_add_body_class":"","ocean_shortcode_before_top_bar":"","ocean_shortcode_after_top_bar":"","ocean_shortcode_before_header":"","ocean_shortcode_after_header":"","ocean_has_shortcode":"","ocean_shortcode_after_title":"","ocean_shortcode_before_footer_widgets":"","ocean_shortcode_after_footer_widgets":"","ocean_shortcode_before_footer_bottom":"","ocean_shortcode_after_footer_bottom":"","ocean_display_top_bar":"default","ocean_display_header":"default","ocean_header_style":"","ocean_center_header_left_menu":"0","ocean_custom_header_template":"0","ocean_custom_logo":0,"ocean_custom_retina_logo":0,"ocean_custom_logo_max_width":0,"ocean_custom_logo_tablet_max_width":0,"ocean_custom_logo_mobile_max_width":0,"ocean_custom_logo_max_height":0,"ocean_custom_logo_tablet_max_height":0,"ocean_custom_logo_mobile_max_height":0,"ocean_header_custom_menu":"0","ocean_menu_typo_font_family":"0","ocean_menu_typo_font_subset":"","ocean_menu_typo_font_size":0,"ocean_menu_typo_font_size_tablet":0,"ocean_menu_typo_font_size_mobile":0,"ocean_menu_typo_font_size_unit":"px","ocean_menu_typo_font_weight":"","ocean_menu_typo_font_weight_tablet":"","ocean_menu_typo_font_weight_mobile":"","ocean_menu_typo_transform":"","ocean_menu_typo_transform_tablet":"","ocean_menu_typo_transform_mobile":"","ocean_menu_typo_line_height":0,"ocean_menu_typo_line_height_tablet":0,"ocean_menu_typo_line_height_mobile":0,"ocean_menu_typo_line_height_unit":"","ocean_menu_typo_spacing":0,"ocean_menu_typo_spacing_tablet":0,"ocean_menu_typo_spacing_mobile":0,"ocean_menu_typo_spacing_unit":"","ocean_menu_link_color":"","ocean_menu_link_color_hover":"","ocean_menu_link_color_active":"","ocean_menu_link_background":"","ocean_menu_link_hover_background":"","ocean_menu_link_active_background":"","ocean_menu_social_links_bg":"","ocean_menu_social_hover_links_bg":"","ocean_menu_social_links_color":"","ocean_menu_social_hover_links_color":"","ocean_disable_title":"default","ocean_disable_heading":"default","ocean_post_title":"","ocean_post_subheading":"","ocean_post_title_style":"","ocean_post_title_background_color":"","ocean_post_title_background":0,"ocean_post_title_bg_image_position":"","ocean_post_title_bg_image_attachment":"","ocean_post_title_bg_image_repeat":"","ocean_post_title_bg_image_size":"","ocean_post_title_height":0,"ocean_post_title_bg_overlay":0.5,"ocean_post_title_bg_overlay_color":"","ocean_disable_breadcrumbs":"default","ocean_breadcrumbs_color":"","ocean_breadcrumbs_separator_color":"","ocean_breadcrumbs_links_color":"","ocean_breadcrumbs_links_hover_color":"","ocean_display_footer_widgets":"default","ocean_display_footer_bottom":"default","ocean_custom_footer_template":"0"},"product_cat":[37,38,36],"product_tag":[],"class_list":{"0":"post-425","1":"product","2":"type-product","3":"status-publish","4":"has-post-thumbnail","6":"product_cat-beate-et-soin","7":"product_cat-promos","8":"product_cat-visage-2","10":"entry","11":"has-media","13":"first","14":"outofstock","15":"sale","16":"shipping-taxable","17":"purchasable","18":"product-type-simple","19":"has-product-nav","20":"col","21":"span_1_of_3","22":"owp-content-center","23":"owp-thumbs-layout-horizontal","24":"owp-btn-normal","25":"owp-tabs-layout-horizontal","26":"has-no-thumbnails"},"yoast_head":"<!-- This site is optimized with the Yoast SEO plugin v24.5 - https:\/\/yoast.com\/wordpress\/plugins\/seo\/ -->\n<title>Dermacare cr\u00e8me hydratante l\u00e9g\u00e8re - Paramythique<\/title>\n<meta name=\"description\" content=\"la cr\u00e8me Dermacare procure une hydratation et une sensation de fra\u00eecheur et de douceur avec la combinaison de l&#039;acide hyaluronique et le niacinamide.\" \/>\n<meta name=\"robots\" content=\"index, follow, max-snippet:-1, max-image-preview:large, max-video-preview:-1\" \/>\n<link rel=\"canonical\" href=\"https:\/\/paramythique.com\/parasite_\/boutique\/visage-2\/dermacare-creme-hydratante-legere\/\" \/>\n<meta property=\"og:locale\" content=\"fr_FR\" \/>\n<meta property=\"og:type\" content=\"article\" \/>\n<meta property=\"og:title\" content=\"Dermacare cr\u00e8me hydratante l\u00e9g\u00e8re - Paramythique\" \/>\n<meta property=\"og:description\" content=\"la cr\u00e8me Dermacare procure une hydratation et une sensation de fra\u00eecheur et de douceur avec la combinaison de l&#039;acide hyaluronique et le niacinamide.\" \/>\n<meta property=\"og:url\" content=\"https:\/\/paramythique.com\/parasite_\/boutique\/visage-2\/dermacare-creme-hydratante-legere\/\" \/>\n<meta property=\"og:site_name\" content=\"Paramythique\" \/>\n<meta property=\"article:publisher\" content=\"https:\/\/www.facebook.com\/profile.php?id=61558983568870\" \/>\n<meta property=\"article:modified_time\" content=\"2025-03-17T15:27:48+00:00\" \/>\n<meta property=\"og:image\" content=\"https:\/\/paramythique.com\/parasite_\/wp-content\/uploads\/2024\/06\/dermacare-creme-legere-boite.jpg\" \/>\n\t<meta property=\"og:image:width\" content=\"2000\" \/>\n\t<meta property=\"og:image:height\" content=\"2000\" \/>\n\t<meta property=\"og:image:type\" content=\"image\/jpeg\" \/>\n<meta name=\"twitter:card\" content=\"summary_large_image\" \/>\n<meta name=\"twitter:label1\" content=\"Dur\u00e9e de lecture estim\u00e9e\" \/>\n\t<meta name=\"twitter:data1\" content=\"1 minute\" \/>\n<script type=\"application\/ld+json\" class=\"yoast-schema-graph\">{\"@context\":\"https:\/\/schema.org\",\"@graph\":[{\"@type\":\"WebPage\",\"@id\":\"https:\/\/paramythique.com\/parasite_\/boutique\/visage-2\/dermacare-creme-hydratante-legere\/\",\"url\":\"https:\/\/paramythique.com\/parasite_\/boutique\/visage-2\/dermacare-creme-hydratante-legere\/\",\"name\":\"Dermacare cr\u00e8me hydratante l\u00e9g\u00e8re - Paramythique\",\"isPartOf\":{\"@id\":\"https:\/\/paramythique.com\/parasite_\/#website\"},\"primaryImageOfPage\":{\"@id\":\"https:\/\/paramythique.com\/parasite_\/boutique\/visage-2\/dermacare-creme-hydratante-legere\/#primaryimage\"},\"image\":{\"@id\":\"https:\/\/paramythique.com\/parasite_\/boutique\/visage-2\/dermacare-creme-hydratante-legere\/#primaryimage\"},\"thumbnailUrl\":\"https:\/\/paramythique.com\/parasite_\/wp-content\/uploads\/2024\/06\/dermacare-creme-legere-boite.jpg\",\"datePublished\":\"2024-06-03T13:28:02+00:00\",\"dateModified\":\"2025-03-17T15:27:48+00:00\",\"description\":\"la cr\u00e8me Dermacare procure une hydratation et une sensation de fra\u00eecheur et de douceur avec la combinaison de l'acide hyaluronique et le niacinamide.\",\"breadcrumb\":{\"@id\":\"https:\/\/paramythique.com\/parasite_\/boutique\/visage-2\/dermacare-creme-hydratante-legere\/#breadcrumb\"},\"inLanguage\":\"fr-FR\",\"potentialAction\":[{\"@type\":\"ReadAction\",\"target\":[\"https:\/\/paramythique.com\/parasite_\/boutique\/visage-2\/dermacare-creme-hydratante-legere\/\"]}]},{\"@type\":\"ImageObject\",\"inLanguage\":\"fr-FR\",\"@id\":\"https:\/\/paramythique.com\/parasite_\/boutique\/visage-2\/dermacare-creme-hydratante-legere\/#primaryimage\",\"url\":\"https:\/\/paramythique.com\/parasite_\/wp-content\/uploads\/2024\/06\/dermacare-creme-legere-boite.jpg\",\"contentUrl\":\"https:\/\/paramythique.com\/parasite_\/wp-content\/uploads\/2024\/06\/dermacare-creme-legere-boite.jpg\",\"width\":2000,\"height\":2000},{\"@type\":\"BreadcrumbList\",\"@id\":\"https:\/\/paramythique.com\/parasite_\/boutique\/visage-2\/dermacare-creme-hydratante-legere\/#breadcrumb\",\"itemListElement\":[{\"@type\":\"ListItem\",\"position\":1,\"name\":\"Parapharmacie\",\"item\":\"https:\/\/paramythique.com\/parasite_\/boutique\/\"},{\"@type\":\"ListItem\",\"position\":2,\"name\":\"Dermacare cr\u00e8me hydratante l\u00e9g\u00e8re\"}]},{\"@type\":\"WebSite\",\"@id\":\"https:\/\/paramythique.com\/parasite_\/#website\",\"url\":\"https:\/\/paramythique.com\/parasite_\/\",\"name\":\"Paramythique\",\"description\":\"Votre sant\u00e9 c&#039;est  notre priorit\u00e9\",\"publisher\":{\"@id\":\"https:\/\/paramythique.com\/parasite_\/#organization\"},\"potentialAction\":[{\"@type\":\"SearchAction\",\"target\":{\"@type\":\"EntryPoint\",\"urlTemplate\":\"https:\/\/paramythique.com\/parasite_\/?s={search_term_string}\"},\"query-input\":{\"@type\":\"PropertyValueSpecification\",\"valueRequired\":true,\"valueName\":\"search_term_string\"}}],\"inLanguage\":\"fr-FR\"},{\"@type\":\"Organization\",\"@id\":\"https:\/\/paramythique.com\/parasite_\/#organization\",\"name\":\"Paramythique\",\"url\":\"https:\/\/paramythique.com\/parasite_\/\",\"logo\":{\"@type\":\"ImageObject\",\"inLanguage\":\"fr-FR\",\"@id\":\"https:\/\/paramythique.com\/parasite_\/#\/schema\/logo\/image\/\",\"url\":\"https:\/\/paramythique.com\/parasite_\/wp-content\/uploads\/2024\/05\/cropped-logo-1.webp\",\"contentUrl\":\"https:\/\/paramythique.com\/parasite_\/wp-content\/uploads\/2024\/05\/cropped-logo-1.webp\",\"width\":587,\"height\":582,\"caption\":\"Paramythique\"},\"image\":{\"@id\":\"https:\/\/paramythique.com\/parasite_\/#\/schema\/logo\/image\/\"},\"sameAs\":[\"https:\/\/www.facebook.com\/profile.php?id=61558983568870\"]}]}<\/script>\n<!-- \/ Yoast SEO plugin. -->","yoast_head_json":{"title":"Dermacare cr\u00e8me hydratante l\u00e9g\u00e8re - Paramythique","description":"la cr\u00e8me Dermacare procure une hydratation et une sensation de fra\u00eecheur et de douceur avec la combinaison de l'acide hyaluronique et le niacinamide.","robots":{"index":"index","follow":"follow","max-snippet":"max-snippet:-1","max-image-preview":"max-image-preview:large","max-video-preview":"max-video-preview:-1"},"canonical":"https:\/\/paramythique.com\/parasite_\/boutique\/visage-2\/dermacare-creme-hydratante-legere\/","og_locale":"fr_FR","og_type":"article","og_title":"Dermacare cr\u00e8me hydratante l\u00e9g\u00e8re - Paramythique","og_description":"la cr\u00e8me Dermacare procure une hydratation et une sensation de fra\u00eecheur et de douceur avec la combinaison de l'acide hyaluronique et le niacinamide.","og_url":"https:\/\/paramythique.com\/parasite_\/boutique\/visage-2\/dermacare-creme-hydratante-legere\/","og_site_name":"Paramythique","article_publisher":"https:\/\/www.facebook.com\/profile.php?id=61558983568870","article_modified_time":"2025-03-17T15:27:48+00:00","og_image":[{"width":2000,"height":2000,"url":"https:\/\/paramythique.com\/parasite_\/wp-content\/uploads\/2024\/06\/dermacare-creme-legere-boite.jpg","type":"image\/jpeg"}],"twitter_card":"summary_large_image","twitter_misc":{"Dur\u00e9e de lecture estim\u00e9e":"1 minute"},"schema":{"@context":"https:\/\/schema.org","@graph":[{"@type":"WebPage","@id":"https:\/\/paramythique.com\/parasite_\/boutique\/visage-2\/dermacare-creme-hydratante-legere\/","url":"https:\/\/paramythique.com\/parasite_\/boutique\/visage-2\/dermacare-creme-hydratante-legere\/","name":"Dermacare cr\u00e8me hydratante l\u00e9g\u00e8re - Paramythique","isPartOf":{"@id":"https:\/\/paramythique.com\/parasite_\/#website"},"primaryImageOfPage":{"@id":"https:\/\/paramythique.com\/parasite_\/boutique\/visage-2\/dermacare-creme-hydratante-legere\/#primaryimage"},"image":{"@id":"https:\/\/paramythique.com\/parasite_\/boutique\/visage-2\/dermacare-creme-hydratante-legere\/#primaryimage"},"thumbnailUrl":"https:\/\/paramythique.com\/parasite_\/wp-content\/uploads\/2024\/06\/dermacare-creme-legere-boite.jpg","datePublished":"2024-06-03T13:28:02+00:00","dateModified":"2025-03-17T15:27:48+00:00","description":"la cr\u00e8me Dermacare procure une hydratation et une sensation de fra\u00eecheur et de douceur avec la combinaison de l'acide hyaluronique et le niacinamide.","breadcrumb":{"@id":"https:\/\/paramythique.com\/parasite_\/boutique\/visage-2\/dermacare-creme-hydratante-legere\/#breadcrumb"},"inLanguage":"fr-FR","potentialAction":[{"@type":"ReadAction","target":["https:\/\/paramythique.com\/parasite_\/boutique\/visage-2\/dermacare-creme-hydratante-legere\/"]}]},{"@type":"ImageObject","inLanguage":"fr-FR","@id":"https:\/\/paramythique.com\/parasite_\/boutique\/visage-2\/dermacare-creme-hydratante-legere\/#primaryimage","url":"https:\/\/paramythique.com\/parasite_\/wp-content\/uploads\/2024\/06\/dermacare-creme-legere-boite.jpg","contentUrl":"https:\/\/paramythique.com\/parasite_\/wp-content\/uploads\/2024\/06\/dermacare-creme-legere-boite.jpg","width":2000,"height":2000},{"@type":"BreadcrumbList","@id":"https:\/\/paramythique.com\/parasite_\/boutique\/visage-2\/dermacare-creme-hydratante-legere\/#breadcrumb","itemListElement":[{"@type":"ListItem","position":1,"name":"Parapharmacie","item":"https:\/\/paramythique.com\/parasite_\/boutique\/"},{"@type":"ListItem","position":2,"name":"Dermacare cr\u00e8me hydratante l\u00e9g\u00e8re"}]},{"@type":"WebSite","@id":"https:\/\/paramythique.com\/parasite_\/#website","url":"https:\/\/paramythique.com\/parasite_\/","name":"Paramythique","description":"Votre sant\u00e9 c&#039;est  notre priorit\u00e9","publisher":{"@id":"https:\/\/paramythique.com\/parasite_\/#organization"},"potentialAction":[{"@type":"SearchAction","target":{"@type":"EntryPoint","urlTemplate":"https:\/\/paramythique.com\/parasite_\/?s={search_term_string}"},"query-input":{"@type":"PropertyValueSpecification","valueRequired":true,"valueName":"search_term_string"}}],"inLanguage":"fr-FR"},{"@type":"Organization","@id":"https:\/\/paramythique.com\/parasite_\/#organization","name":"Paramythique","url":"https:\/\/paramythique.com\/parasite_\/","logo":{"@type":"ImageObject","inLanguage":"fr-FR","@id":"https:\/\/paramythique.com\/parasite_\/#\/schema\/logo\/image\/","url":"https:\/\/paramythique.com\/parasite_\/wp-content\/uploads\/2024\/05\/cropped-logo-1.webp","contentUrl":"https:\/\/paramythique.com\/parasite_\/wp-content\/uploads\/2024\/05\/cropped-logo-1.webp","width":587,"height":582,"caption":"Paramythique"},"image":{"@id":"https:\/\/paramythique.com\/parasite_\/#\/schema\/logo\/image\/"},"sameAs":["https:\/\/www.facebook.com\/profile.php?id=61558983568870"]}]}},"_links":{"self":[{"href":"https:\/\/paramythique.com\/parasite_\/wp-json\/wp\/v2\/product\/425","targetHints":{"allow":["GET"]}}],"collection":[{"href":"https:\/\/paramythique.com\/parasite_\/wp-json\/wp\/v2\/product"}],"about":[{"href":"https:\/\/paramythique.com\/parasite_\/wp-json\/wp\/v2\/types\/product"}],"wp:featuredmedia":[{"embeddable":true,"href":"https:\/\/paramythique.com\/parasite_\/wp-json\/wp\/v2\/media\/450"}],"wp:attachment":[{"href":"https:\/\/paramythique.com\/parasite_\/wp-json\/wp\/v2\/media?parent=425"}],"wp:term":[{"taxonomy":"product_cat","embeddable":true,"href":"https:\/\/paramythique.com\/parasite_\/wp-json\/wp\/v2\/product_cat?post=425"},{"taxonomy":"product_tag","embeddable":true,"href":"https:\/\/paramythique.com\/parasite_\/wp-json\/wp\/v2\/product_tag?post=425"}],"curies":[{"name":"wp","href":"https:\/\/api.w.org\/{rel}","templated":true}]}}