{"id":453,"date":"2024-06-04T18:47:32","date_gmt":"2024-06-04T18:47:32","guid":{"rendered":"https:\/\/paramythique.com\/parasite_\/?post_type=product&#038;p=453"},"modified":"2024-07-04T21:52:19","modified_gmt":"2024-07-04T21:52:19","slug":"phyteal-ecran-solaire-teinte-huile-dargan","status":"publish","type":"product","link":"https:\/\/paramythique.com\/parasite_\/boutique\/hygiene\/phyteal-ecran-solaire-teinte-huile-dargan\/","title":{"rendered":"Phyt\u00e9al \u00e9cran solaire teint\u00e9 SPF 50"},"content":{"rendered":"<p>Cet \u00e9cran solaire offre une protection efficace contre les rayons UVA et UVB tout en hydratant la peau. Sa formule aide \u00e0 maintenir l&rsquo;\u00e9quilibre d&rsquo;hydratation gr\u00e2ce \u00e0 des ingr\u00e9dients nourrissants. Ils laissant la peau douce et prot\u00e9g\u00e9e contre les effets n\u00e9fastes du soleil. <\/p>\n<p>Id\u00e9al pour une utilisation quotidienne, il convient \u00e0 ceux qui cherchent \u00e0 prot\u00e9ger leur peau tout en la gardant bien hydrat\u00e9e.<\/p>\n<p>L&rsquo;huile d&rsquo;argan hydrate en profondeur, nourrit, adoucit et aide \u00e0 r\u00e9g\u00e9n\u00e9rer la peau, tout en apportant une protection contre les dommages environnementaux.<\/p>\n<p>Un \u00e9cran solaire teint\u00e9  beige ros\u00e9 offre non seulement une protection efficace contre les rayons UV, mais il uniformise \u00e9galement le teint et peut souvent remplacer une base de maquillage, procurant ainsi un effet naturel et l\u00e9ger pour la peau.<\/p>\n","protected":false},"excerpt":{"rendered":"<p>Cet \u00e9cran solaire PHYTEAL teint\u00e9 beige ros\u00e9 avec huile d&rsquo;argan offre une protection efficace contre les rayons UVA et UVB tout en hydratant la peau. <\/p>\n","protected":false},"featured_media":487,"template":"","meta":{"ocean_post_layout":"","ocean_both_sidebars_style":"","ocean_both_sidebars_content_width":0,"ocean_both_sidebars_sidebars_width":0,"ocean_sidebar":"0","ocean_second_sidebar":"0","ocean_disable_margins":"enable","ocean_add_body_class":"","ocean_shortcode_before_top_bar":"","ocean_shortcode_after_top_bar":"","ocean_shortcode_before_header":"","ocean_shortcode_after_header":"","ocean_has_shortcode":"","ocean_shortcode_after_title":"","ocean_shortcode_before_footer_widgets":"","ocean_shortcode_after_footer_widgets":"","ocean_shortcode_before_footer_bottom":"","ocean_shortcode_after_footer_bottom":"","ocean_display_top_bar":"default","ocean_display_header":"default","ocean_header_style":"","ocean_center_header_left_menu":"0","ocean_custom_header_template":"0","ocean_custom_logo":0,"ocean_custom_retina_logo":0,"ocean_custom_logo_max_width":0,"ocean_custom_logo_tablet_max_width":0,"ocean_custom_logo_mobile_max_width":0,"ocean_custom_logo_max_height":0,"ocean_custom_logo_tablet_max_height":0,"ocean_custom_logo_mobile_max_height":0,"ocean_header_custom_menu":"0","ocean_menu_typo_font_family":"0","ocean_menu_typo_font_subset":"","ocean_menu_typo_font_size":0,"ocean_menu_typo_font_size_tablet":0,"ocean_menu_typo_font_size_mobile":0,"ocean_menu_typo_font_size_unit":"px","ocean_menu_typo_font_weight":"","ocean_menu_typo_font_weight_tablet":"","ocean_menu_typo_font_weight_mobile":"","ocean_menu_typo_transform":"","ocean_menu_typo_transform_tablet":"","ocean_menu_typo_transform_mobile":"","ocean_menu_typo_line_height":0,"ocean_menu_typo_line_height_tablet":0,"ocean_menu_typo_line_height_mobile":0,"ocean_menu_typo_line_height_unit":"","ocean_menu_typo_spacing":0,"ocean_menu_typo_spacing_tablet":0,"ocean_menu_typo_spacing_mobile":0,"ocean_menu_typo_spacing_unit":"","ocean_menu_link_color":"","ocean_menu_link_color_hover":"","ocean_menu_link_color_active":"","ocean_menu_link_background":"","ocean_menu_link_hover_background":"","ocean_menu_link_active_background":"","ocean_menu_social_links_bg":"","ocean_menu_social_hover_links_bg":"","ocean_menu_social_links_color":"","ocean_menu_social_hover_links_color":"","ocean_disable_title":"default","ocean_disable_heading":"default","ocean_post_title":"","ocean_post_subheading":"","ocean_post_title_style":"","ocean_post_title_background_color":"","ocean_post_title_background":0,"ocean_post_title_bg_image_position":"","ocean_post_title_bg_image_attachment":"","ocean_post_title_bg_image_repeat":"","ocean_post_title_bg_image_size":"","ocean_post_title_height":0,"ocean_post_title_bg_overlay":0.5,"ocean_post_title_bg_overlay_color":"","ocean_disable_breadcrumbs":"default","ocean_breadcrumbs_color":"","ocean_breadcrumbs_separator_color":"","ocean_breadcrumbs_links_color":"","ocean_breadcrumbs_links_hover_color":"","ocean_display_footer_widgets":"default","ocean_display_footer_bottom":"default","ocean_custom_footer_template":"0"},"product_cat":[37,35,38,36],"product_tag":[],"class_list":{"0":"post-453","1":"product","2":"type-product","3":"status-publish","4":"has-post-thumbnail","6":"product_cat-beate-et-soin","7":"product_cat-hygiene","8":"product_cat-promos","9":"product_cat-visage-2","11":"entry","12":"has-media","14":"first","15":"instock","16":"sale","17":"shipping-taxable","18":"purchasable","19":"product-type-simple","20":"has-product-nav","21":"col","22":"span_1_of_3","23":"owp-content-center","24":"owp-thumbs-layout-horizontal","25":"owp-btn-normal","26":"owp-tabs-layout-horizontal","27":"has-no-thumbnails"},"yoast_head":"<!-- This site is optimized with the Yoast SEO plugin v24.5 - https:\/\/yoast.com\/wordpress\/plugins\/seo\/ -->\n<title>Phyt\u00e9al \u00e9cran solaire teint\u00e9 SPF 50 - Paramythique<\/title>\n<meta name=\"description\" content=\"Cet \u00e9cran solaire PHYTEAL teint\u00e9 beige ros\u00e9 avec huile d&#039;argan offre une protection efficace contre les rayons UVA et UVB tout en hydratant la peau.\" \/>\n<meta name=\"robots\" content=\"index, follow, max-snippet:-1, max-image-preview:large, max-video-preview:-1\" \/>\n<link rel=\"canonical\" href=\"https:\/\/paramythique.com\/parasite_\/boutique\/hygiene\/phyteal-ecran-solaire-teinte-huile-dargan\/\" \/>\n<meta property=\"og:locale\" content=\"fr_FR\" \/>\n<meta property=\"og:type\" content=\"article\" \/>\n<meta property=\"og:title\" content=\"Phyt\u00e9al \u00e9cran solaire teint\u00e9 SPF 50 - Paramythique\" \/>\n<meta property=\"og:description\" content=\"Cet \u00e9cran solaire PHYTEAL teint\u00e9 beige ros\u00e9 avec huile d&#039;argan offre une protection efficace contre les rayons UVA et UVB tout en hydratant la peau.\" \/>\n<meta property=\"og:url\" content=\"https:\/\/paramythique.com\/parasite_\/boutique\/hygiene\/phyteal-ecran-solaire-teinte-huile-dargan\/\" \/>\n<meta property=\"og:site_name\" content=\"Paramythique\" \/>\n<meta property=\"article:publisher\" content=\"https:\/\/www.facebook.com\/profile.php?id=61558983568870\" \/>\n<meta property=\"article:modified_time\" content=\"2024-07-04T21:52:19+00:00\" \/>\n<meta property=\"og:image\" content=\"https:\/\/paramythique.com\/parasite_\/wp-content\/uploads\/2024\/06\/phyteal-traite-Photoroom.jpg\" \/>\n\t<meta property=\"og:image:width\" content=\"2000\" \/>\n\t<meta property=\"og:image:height\" content=\"2000\" \/>\n\t<meta property=\"og:image:type\" content=\"image\/jpeg\" \/>\n<meta name=\"twitter:card\" content=\"summary_large_image\" \/>\n<meta name=\"twitter:label1\" content=\"Dur\u00e9e de lecture estim\u00e9e\" \/>\n\t<meta name=\"twitter:data1\" content=\"1 minute\" \/>\n<script type=\"application\/ld+json\" class=\"yoast-schema-graph\">{\"@context\":\"https:\/\/schema.org\",\"@graph\":[{\"@type\":\"WebPage\",\"@id\":\"https:\/\/paramythique.com\/parasite_\/boutique\/hygiene\/phyteal-ecran-solaire-teinte-huile-dargan\/\",\"url\":\"https:\/\/paramythique.com\/parasite_\/boutique\/hygiene\/phyteal-ecran-solaire-teinte-huile-dargan\/\",\"name\":\"Phyt\u00e9al \u00e9cran solaire teint\u00e9 SPF 50 - Paramythique\",\"isPartOf\":{\"@id\":\"https:\/\/paramythique.com\/parasite_\/#website\"},\"primaryImageOfPage\":{\"@id\":\"https:\/\/paramythique.com\/parasite_\/boutique\/hygiene\/phyteal-ecran-solaire-teinte-huile-dargan\/#primaryimage\"},\"image\":{\"@id\":\"https:\/\/paramythique.com\/parasite_\/boutique\/hygiene\/phyteal-ecran-solaire-teinte-huile-dargan\/#primaryimage\"},\"thumbnailUrl\":\"https:\/\/paramythique.com\/parasite_\/wp-content\/uploads\/2024\/06\/phyteal-traite-Photoroom.jpg\",\"datePublished\":\"2024-06-04T18:47:32+00:00\",\"dateModified\":\"2024-07-04T21:52:19+00:00\",\"description\":\"Cet \u00e9cran solaire PHYTEAL teint\u00e9 beige ros\u00e9 avec huile d'argan offre une protection efficace contre les rayons UVA et UVB tout en hydratant la peau.\",\"breadcrumb\":{\"@id\":\"https:\/\/paramythique.com\/parasite_\/boutique\/hygiene\/phyteal-ecran-solaire-teinte-huile-dargan\/#breadcrumb\"},\"inLanguage\":\"fr-FR\",\"potentialAction\":[{\"@type\":\"ReadAction\",\"target\":[\"https:\/\/paramythique.com\/parasite_\/boutique\/hygiene\/phyteal-ecran-solaire-teinte-huile-dargan\/\"]}]},{\"@type\":\"ImageObject\",\"inLanguage\":\"fr-FR\",\"@id\":\"https:\/\/paramythique.com\/parasite_\/boutique\/hygiene\/phyteal-ecran-solaire-teinte-huile-dargan\/#primaryimage\",\"url\":\"https:\/\/paramythique.com\/parasite_\/wp-content\/uploads\/2024\/06\/phyteal-traite-Photoroom.jpg\",\"contentUrl\":\"https:\/\/paramythique.com\/parasite_\/wp-content\/uploads\/2024\/06\/phyteal-traite-Photoroom.jpg\",\"width\":2000,\"height\":2000},{\"@type\":\"BreadcrumbList\",\"@id\":\"https:\/\/paramythique.com\/parasite_\/boutique\/hygiene\/phyteal-ecran-solaire-teinte-huile-dargan\/#breadcrumb\",\"itemListElement\":[{\"@type\":\"ListItem\",\"position\":1,\"name\":\"Parapharmacie\",\"item\":\"https:\/\/paramythique.com\/parasite_\/boutique\/\"},{\"@type\":\"ListItem\",\"position\":2,\"name\":\"Phyt\u00e9al \u00e9cran solaire teint\u00e9 SPF 50\"}]},{\"@type\":\"WebSite\",\"@id\":\"https:\/\/paramythique.com\/parasite_\/#website\",\"url\":\"https:\/\/paramythique.com\/parasite_\/\",\"name\":\"Paramythique\",\"description\":\"Votre sant\u00e9 c&#039;est  notre priorit\u00e9\",\"publisher\":{\"@id\":\"https:\/\/paramythique.com\/parasite_\/#organization\"},\"potentialAction\":[{\"@type\":\"SearchAction\",\"target\":{\"@type\":\"EntryPoint\",\"urlTemplate\":\"https:\/\/paramythique.com\/parasite_\/?s={search_term_string}\"},\"query-input\":{\"@type\":\"PropertyValueSpecification\",\"valueRequired\":true,\"valueName\":\"search_term_string\"}}],\"inLanguage\":\"fr-FR\"},{\"@type\":\"Organization\",\"@id\":\"https:\/\/paramythique.com\/parasite_\/#organization\",\"name\":\"Paramythique\",\"url\":\"https:\/\/paramythique.com\/parasite_\/\",\"logo\":{\"@type\":\"ImageObject\",\"inLanguage\":\"fr-FR\",\"@id\":\"https:\/\/paramythique.com\/parasite_\/#\/schema\/logo\/image\/\",\"url\":\"https:\/\/paramythique.com\/parasite_\/wp-content\/uploads\/2024\/05\/cropped-logo-1.webp\",\"contentUrl\":\"https:\/\/paramythique.com\/parasite_\/wp-content\/uploads\/2024\/05\/cropped-logo-1.webp\",\"width\":587,\"height\":582,\"caption\":\"Paramythique\"},\"image\":{\"@id\":\"https:\/\/paramythique.com\/parasite_\/#\/schema\/logo\/image\/\"},\"sameAs\":[\"https:\/\/www.facebook.com\/profile.php?id=61558983568870\"]}]}<\/script>\n<!-- \/ Yoast SEO plugin. -->","yoast_head_json":{"title":"Phyt\u00e9al \u00e9cran solaire teint\u00e9 SPF 50 - Paramythique","description":"Cet \u00e9cran solaire PHYTEAL teint\u00e9 beige ros\u00e9 avec huile d'argan offre une protection efficace contre les rayons UVA et UVB tout en hydratant la peau.","robots":{"index":"index","follow":"follow","max-snippet":"max-snippet:-1","max-image-preview":"max-image-preview:large","max-video-preview":"max-video-preview:-1"},"canonical":"https:\/\/paramythique.com\/parasite_\/boutique\/hygiene\/phyteal-ecran-solaire-teinte-huile-dargan\/","og_locale":"fr_FR","og_type":"article","og_title":"Phyt\u00e9al \u00e9cran solaire teint\u00e9 SPF 50 - Paramythique","og_description":"Cet \u00e9cran solaire PHYTEAL teint\u00e9 beige ros\u00e9 avec huile d'argan offre une protection efficace contre les rayons UVA et UVB tout en hydratant la peau.","og_url":"https:\/\/paramythique.com\/parasite_\/boutique\/hygiene\/phyteal-ecran-solaire-teinte-huile-dargan\/","og_site_name":"Paramythique","article_publisher":"https:\/\/www.facebook.com\/profile.php?id=61558983568870","article_modified_time":"2024-07-04T21:52:19+00:00","og_image":[{"width":2000,"height":2000,"url":"https:\/\/paramythique.com\/parasite_\/wp-content\/uploads\/2024\/06\/phyteal-traite-Photoroom.jpg","type":"image\/jpeg"}],"twitter_card":"summary_large_image","twitter_misc":{"Dur\u00e9e de lecture estim\u00e9e":"1 minute"},"schema":{"@context":"https:\/\/schema.org","@graph":[{"@type":"WebPage","@id":"https:\/\/paramythique.com\/parasite_\/boutique\/hygiene\/phyteal-ecran-solaire-teinte-huile-dargan\/","url":"https:\/\/paramythique.com\/parasite_\/boutique\/hygiene\/phyteal-ecran-solaire-teinte-huile-dargan\/","name":"Phyt\u00e9al \u00e9cran solaire teint\u00e9 SPF 50 - Paramythique","isPartOf":{"@id":"https:\/\/paramythique.com\/parasite_\/#website"},"primaryImageOfPage":{"@id":"https:\/\/paramythique.com\/parasite_\/boutique\/hygiene\/phyteal-ecran-solaire-teinte-huile-dargan\/#primaryimage"},"image":{"@id":"https:\/\/paramythique.com\/parasite_\/boutique\/hygiene\/phyteal-ecran-solaire-teinte-huile-dargan\/#primaryimage"},"thumbnailUrl":"https:\/\/paramythique.com\/parasite_\/wp-content\/uploads\/2024\/06\/phyteal-traite-Photoroom.jpg","datePublished":"2024-06-04T18:47:32+00:00","dateModified":"2024-07-04T21:52:19+00:00","description":"Cet \u00e9cran solaire PHYTEAL teint\u00e9 beige ros\u00e9 avec huile d'argan offre une protection efficace contre les rayons UVA et UVB tout en hydratant la peau.","breadcrumb":{"@id":"https:\/\/paramythique.com\/parasite_\/boutique\/hygiene\/phyteal-ecran-solaire-teinte-huile-dargan\/#breadcrumb"},"inLanguage":"fr-FR","potentialAction":[{"@type":"ReadAction","target":["https:\/\/paramythique.com\/parasite_\/boutique\/hygiene\/phyteal-ecran-solaire-teinte-huile-dargan\/"]}]},{"@type":"ImageObject","inLanguage":"fr-FR","@id":"https:\/\/paramythique.com\/parasite_\/boutique\/hygiene\/phyteal-ecran-solaire-teinte-huile-dargan\/#primaryimage","url":"https:\/\/paramythique.com\/parasite_\/wp-content\/uploads\/2024\/06\/phyteal-traite-Photoroom.jpg","contentUrl":"https:\/\/paramythique.com\/parasite_\/wp-content\/uploads\/2024\/06\/phyteal-traite-Photoroom.jpg","width":2000,"height":2000},{"@type":"BreadcrumbList","@id":"https:\/\/paramythique.com\/parasite_\/boutique\/hygiene\/phyteal-ecran-solaire-teinte-huile-dargan\/#breadcrumb","itemListElement":[{"@type":"ListItem","position":1,"name":"Parapharmacie","item":"https:\/\/paramythique.com\/parasite_\/boutique\/"},{"@type":"ListItem","position":2,"name":"Phyt\u00e9al \u00e9cran solaire teint\u00e9 SPF 50"}]},{"@type":"WebSite","@id":"https:\/\/paramythique.com\/parasite_\/#website","url":"https:\/\/paramythique.com\/parasite_\/","name":"Paramythique","description":"Votre sant\u00e9 c&#039;est  notre priorit\u00e9","publisher":{"@id":"https:\/\/paramythique.com\/parasite_\/#organization"},"potentialAction":[{"@type":"SearchAction","target":{"@type":"EntryPoint","urlTemplate":"https:\/\/paramythique.com\/parasite_\/?s={search_term_string}"},"query-input":{"@type":"PropertyValueSpecification","valueRequired":true,"valueName":"search_term_string"}}],"inLanguage":"fr-FR"},{"@type":"Organization","@id":"https:\/\/paramythique.com\/parasite_\/#organization","name":"Paramythique","url":"https:\/\/paramythique.com\/parasite_\/","logo":{"@type":"ImageObject","inLanguage":"fr-FR","@id":"https:\/\/paramythique.com\/parasite_\/#\/schema\/logo\/image\/","url":"https:\/\/paramythique.com\/parasite_\/wp-content\/uploads\/2024\/05\/cropped-logo-1.webp","contentUrl":"https:\/\/paramythique.com\/parasite_\/wp-content\/uploads\/2024\/05\/cropped-logo-1.webp","width":587,"height":582,"caption":"Paramythique"},"image":{"@id":"https:\/\/paramythique.com\/parasite_\/#\/schema\/logo\/image\/"},"sameAs":["https:\/\/www.facebook.com\/profile.php?id=61558983568870"]}]}},"_links":{"self":[{"href":"https:\/\/paramythique.com\/parasite_\/wp-json\/wp\/v2\/product\/453","targetHints":{"allow":["GET"]}}],"collection":[{"href":"https:\/\/paramythique.com\/parasite_\/wp-json\/wp\/v2\/product"}],"about":[{"href":"https:\/\/paramythique.com\/parasite_\/wp-json\/wp\/v2\/types\/product"}],"wp:featuredmedia":[{"embeddable":true,"href":"https:\/\/paramythique.com\/parasite_\/wp-json\/wp\/v2\/media\/487"}],"wp:attachment":[{"href":"https:\/\/paramythique.com\/parasite_\/wp-json\/wp\/v2\/media?parent=453"}],"wp:term":[{"taxonomy":"product_cat","embeddable":true,"href":"https:\/\/paramythique.com\/parasite_\/wp-json\/wp\/v2\/product_cat?post=453"},{"taxonomy":"product_tag","embeddable":true,"href":"https:\/\/paramythique.com\/parasite_\/wp-json\/wp\/v2\/product_tag?post=453"}],"curies":[{"name":"wp","href":"https:\/\/api.w.org\/{rel}","templated":true}]}}